{"id":276,"date":"2024-02-13T14:53:36","date_gmt":"2024-02-13T13:53:36","guid":{"rendered":"https:\/\/aerztezentrum.webtrics.ch\/accueil\/"},"modified":"2026-02-13T09:20:16","modified_gmt":"2026-02-13T08:20:16","slug":"accueil","status":"publish","type":"page","link":"https:\/\/aerztezentrum-lyss.ch\/fr\/","title":{"rendered":"Accueil"},"content":{"rendered":"\t\t<div data-elementor-type=\"wp-page\" data-elementor-id=\"276\" class=\"elementor elementor-276 elementor-18\" data-elementor-post-type=\"page\">\n\t\t\t\t\t\t<section class=\"elementor-section elementor-top-section elementor-element elementor-element-745522da elementor-reverse-mobile elementor-section-boxed elementor-section-height-default elementor-section-height-default\" data-id=\"745522da\" data-element_type=\"section\" data-e-type=\"section\" data-settings=\"{&quot;background_background&quot;:&quot;classic&quot;}\">\n\t\t\t\t\t\t\t<div class=\"elementor-background-overlay\"><\/div>\n\t\t\t\t\t\t\t<div class=\"elementor-container elementor-column-gap-default\">\n\t\t\t\t\t<div class=\"elementor-column elementor-col-50 elementor-top-column elementor-element elementor-element-2197a642\" data-id=\"2197a642\" data-element_type=\"column\" data-e-type=\"column\">\n\t\t\t<div class=\"elementor-widget-wrap elementor-element-populated\">\n\t\t\t\t\t\t<div class=\"elementor-element elementor-element-5d68b60b elementor-invisible elementor-widget elementor-widget-heading\" data-id=\"5d68b60b\" data-element_type=\"widget\" data-e-type=\"widget\" data-settings=\"{&quot;_animation&quot;:&quot;fadeInLeft&quot;}\" data-widget_type=\"heading.default\">\n\t\t\t\t<div class=\"elementor-widget-container\">\n\t\t\t\t\t<h2 class=\"elementor-heading-title elementor-size-default\">Nous aidons. Avec plaisir.<\/h2>\t\t\t\t<\/div>\n\t\t\t\t<\/div>\n\t\t\t\t<div class=\"elementor-element elementor-element-2af744cf elementor-invisible elementor-widget elementor-widget-heading\" data-id=\"2af744cf\" data-element_type=\"widget\" data-e-type=\"widget\" data-settings=\"{&quot;_animation&quot;:&quot;fadeInLeft&quot;,&quot;_animation_delay&quot;:240}\" data-widget_type=\"heading.default\">\n\t\t\t\t<div class=\"elementor-widget-container\">\n\t\t\t\t\t<h4 class=\"elementor-heading-title elementor-size-default\">Les nouveaux patients sont \u00e9galement les bienvenus !<\/h4>\t\t\t\t<\/div>\n\t\t\t\t<\/div>\n\t\t\t\t<div class=\"elementor-element elementor-element-6a3f17ac elementor-invisible elementor-widget elementor-widget-button\" data-id=\"6a3f17ac\" data-element_type=\"widget\" data-e-type=\"widget\" data-settings=\"{&quot;_animation&quot;:&quot;bounceInLeft&quot;,&quot;_animation_delay&quot;:480}\" data-widget_type=\"button.default\">\n\t\t\t\t<div class=\"elementor-widget-container\">\n\t\t\t\t\t\t\t\t\t<div class=\"elementor-button-wrapper\">\n\t\t\t\t\t<a class=\"elementor-button elementor-button-link elementor-size-lg\" href=\"https:\/\/aerztezentrum-lyss.ch\/fr\/contact\/\">\n\t\t\t\t\t\t<span class=\"elementor-button-content-wrapper\">\n\t\t\t\t\t\t\t\t\t<span class=\"elementor-button-text\">Prendre rendez-vous maintenant<\/span>\n\t\t\t\t\t<\/span>\n\t\t\t\t\t<\/a>\n\t\t\t\t<\/div>\n\t\t\t\t\t\t\t\t<\/div>\n\t\t\t\t<\/div>\n\t\t\t\t\t<\/div>\n\t\t<\/div>\n\t\t\t\t<div class=\"elementor-column elementor-col-50 elementor-top-column elementor-element elementor-element-5084717c\" data-id=\"5084717c\" data-element_type=\"column\" data-e-type=\"column\">\n\t\t\t<div class=\"elementor-widget-wrap elementor-element-populated\">\n\t\t\t\t\t\t<div class=\"elementor-element elementor-element-4c15ab6d elementor-align-center elementor-widget elementor-widget-lottie\" data-id=\"4c15ab6d\" data-element_type=\"widget\" data-e-type=\"widget\" data-settings=\"{&quot;source_json&quot;:{&quot;url&quot;:&quot;https:\\\/\\\/aerztezentrum-lyss.ch\\\/wp-content\\\/uploads\\\/2024\\\/02\\\/bg_green.json&quot;,&quot;id&quot;:&quot;31&quot;,&quot;size&quot;:&quot;&quot;},&quot;loop&quot;:&quot;yes&quot;,&quot;play_speed&quot;:{&quot;unit&quot;:&quot;px&quot;,&quot;size&quot;:0.1000000000000000055511151231257827021181583404541015625,&quot;sizes&quot;:[]},&quot;lazyload&quot;:&quot;yes&quot;,&quot;source&quot;:&quot;media_file&quot;,&quot;caption_source&quot;:&quot;none&quot;,&quot;link_to&quot;:&quot;none&quot;,&quot;trigger&quot;:&quot;arriving_to_viewport&quot;,&quot;viewport&quot;:{&quot;unit&quot;:&quot;%&quot;,&quot;size&quot;:&quot;&quot;,&quot;sizes&quot;:{&quot;start&quot;:0,&quot;end&quot;:100}},&quot;start_point&quot;:{&quot;unit&quot;:&quot;%&quot;,&quot;size&quot;:0,&quot;sizes&quot;:[]},&quot;end_point&quot;:{&quot;unit&quot;:&quot;%&quot;,&quot;size&quot;:100,&quot;sizes&quot;:[]},&quot;renderer&quot;:&quot;svg&quot;}\" data-widget_type=\"lottie.default\">\n\t\t\t\t<div class=\"elementor-widget-container\">\n\t\t\t\t\t<div class=\"e-lottie__container\"><div class=\"e-lottie__animation\"><\/div><\/div>\t\t\t\t<\/div>\n\t\t\t\t<\/div>\n\t\t\t\t<div class=\"elementor-element elementor-element-3a356af5 elementor-absolute elementor-invisible elementor-widget elementor-widget-image\" data-id=\"3a356af5\" data-element_type=\"widget\" data-e-type=\"widget\" data-settings=\"{&quot;_position&quot;:&quot;absolute&quot;,&quot;_animation&quot;:&quot;bounceIn&quot;}\" data-widget_type=\"image.default\">\n\t\t\t\t<div class=\"elementor-widget-container\">\n\t\t\t\t\t\t\t\t\t\t\t\t\t\t\t<img fetchpriority=\"high\" decoding=\"async\" width=\"590\" height=\"1000\" src=\"https:\/\/aerztezentrum-lyss.ch\/wp-content\/uploads\/2024\/02\/aerztezentrum-in-lyss.png\" class=\"attachment-full size-full wp-image-271\" alt=\"\" srcset=\"https:\/\/aerztezentrum-lyss.ch\/wp-content\/uploads\/2024\/02\/aerztezentrum-in-lyss.png 590w, https:\/\/aerztezentrum-lyss.ch\/wp-content\/uploads\/2024\/02\/aerztezentrum-in-lyss-177x300.png 177w\" sizes=\"(max-width: 590px) 100vw, 590px\" \/>\t\t\t\t\t\t\t\t\t\t\t\t\t\t\t<\/div>\n\t\t\t\t<\/div>\n\t\t\t\t\t<\/div>\n\t\t<\/div>\n\t\t\t\t\t<\/div>\n\t\t<\/section>\n\t\t\t\t<section class=\"elementor-section elementor-top-section elementor-element elementor-element-5b6452cd elementor-section-boxed elementor-section-height-default elementor-section-height-default\" data-id=\"5b6452cd\" data-element_type=\"section\" data-e-type=\"section\">\n\t\t\t\t\t\t<div class=\"elementor-container elementor-column-gap-default\">\n\t\t\t\t\t<div class=\"elementor-column elementor-col-100 elementor-top-column elementor-element elementor-element-2a355baf elementor-invisible\" data-id=\"2a355baf\" data-element_type=\"column\" data-e-type=\"column\" data-settings=\"{&quot;animation&quot;:&quot;fadeInLeft&quot;}\">\n\t\t\t<div class=\"elementor-widget-wrap elementor-element-populated\">\n\t\t\t\t\t\t<div class=\"elementor-element elementor-element-6ff8638d elementor-widget elementor-widget-heading\" data-id=\"6ff8638d\" data-element_type=\"widget\" data-e-type=\"widget\" data-widget_type=\"heading.default\">\n\t\t\t\t<div class=\"elementor-widget-container\">\n\t\t\t\t\t<h2 class=\"elementor-heading-title elementor-size-default\">Actuel<\/h2>\t\t\t\t<\/div>\n\t\t\t\t<\/div>\n\t\t\t\t<div class=\"elementor-element elementor-element-665e93b elementor-widget elementor-widget-text-editor\" data-id=\"665e93b\" data-element_type=\"widget\" data-e-type=\"widget\" data-widget_type=\"text-editor.default\">\n\t\t\t\t<div class=\"elementor-widget-container\">\n\t\t\t\t\t\t\t\t\t<p><span style=\"color: var( --e-global-color-primary ); font-family: var( --e-global-typography-b2ce6af-font-family ), Sans-serif; font-size: var( --e-global-typography-b2ce6af-font-size ); font-weight: var( --e-global-typography-b2ce6af-font-weight ); letter-spacing: var( --e-global-typography-b2ce6af-letter-spacing ); word-spacing: var( --e-global-typography-b2ce6af-word-spacing );\">&#8211; Heures de consultation : Lu &#8211; Ve 0800-1200 et 1400-1600<br><\/span>&#8211; en cas d&rsquo;urgence, adressez-vous par exemple au <b>centre d&rsquo;urgence de la clinique des Tilleuls \u00e0 Bienne : 032 366 43 00<\/b><br>&#8211; les e-mails sont trait\u00e9s dans les 5 jours.<\/p>\t\t\t\t\t\t\t\t<\/div>\n\t\t\t\t<\/div>\n\t\t\t\t\t<\/div>\n\t\t<\/div>\n\t\t\t\t\t<\/div>\n\t\t<\/section>\n\t\t\t\t<section class=\"elementor-section elementor-top-section elementor-element elementor-element-5444d33 elementor-section-boxed elementor-section-height-default elementor-section-height-default\" data-id=\"5444d33\" data-element_type=\"section\" data-e-type=\"section\" data-settings=\"{&quot;background_background&quot;:&quot;classic&quot;}\">\n\t\t\t\t\t\t\t<div class=\"elementor-background-overlay\"><\/div>\n\t\t\t\t\t\t\t<div class=\"elementor-container elementor-column-gap-default\">\n\t\t\t\t\t<div class=\"elementor-column elementor-col-50 elementor-top-column elementor-element elementor-element-49ce86eb\" data-id=\"49ce86eb\" data-element_type=\"column\" data-e-type=\"column\">\n\t\t\t<div class=\"elementor-widget-wrap elementor-element-populated\">\n\t\t\t\t\t\t<div class=\"elementor-element elementor-element-12e290b9 elementor-invisible elementor-widget elementor-widget-image\" data-id=\"12e290b9\" data-element_type=\"widget\" data-e-type=\"widget\" data-settings=\"{&quot;_animation&quot;:&quot;rotateInUpRight&quot;}\" data-widget_type=\"image.default\">\n\t\t\t\t<div class=\"elementor-widget-container\">\n\t\t\t\t\t\t\t\t\t\t\t\t\t\t\t<img decoding=\"async\" width=\"2000\" height=\"1333\" src=\"https:\/\/aerztezentrum-lyss.ch\/wp-content\/uploads\/2024\/02\/happy-patient-at-hospital.jpg\" class=\"attachment-full size-full wp-image-272\" alt=\"\" srcset=\"https:\/\/aerztezentrum-lyss.ch\/wp-content\/uploads\/2024\/02\/happy-patient-at-hospital.jpg 2000w, https:\/\/aerztezentrum-lyss.ch\/wp-content\/uploads\/2024\/02\/happy-patient-at-hospital-300x200.jpg 300w, https:\/\/aerztezentrum-lyss.ch\/wp-content\/uploads\/2024\/02\/happy-patient-at-hospital-1024x682.jpg 1024w, https:\/\/aerztezentrum-lyss.ch\/wp-content\/uploads\/2024\/02\/happy-patient-at-hospital-768x512.jpg 768w, https:\/\/aerztezentrum-lyss.ch\/wp-content\/uploads\/2024\/02\/happy-patient-at-hospital-1536x1024.jpg 1536w\" sizes=\"(max-width: 2000px) 100vw, 2000px\" \/>\t\t\t\t\t\t\t\t\t\t\t\t\t\t\t<\/div>\n\t\t\t\t<\/div>\n\t\t\t\t\t<\/div>\n\t\t<\/div>\n\t\t\t\t<div class=\"elementor-column elementor-col-50 elementor-top-column elementor-element elementor-element-6933241a elementor-invisible\" data-id=\"6933241a\" data-element_type=\"column\" data-e-type=\"column\" data-settings=\"{&quot;animation&quot;:&quot;fadeInRight&quot;}\">\n\t\t\t<div class=\"elementor-widget-wrap elementor-element-populated\">\n\t\t\t\t\t\t<div class=\"elementor-element elementor-element-7a5aa9aa elementor-widget elementor-widget-heading\" data-id=\"7a5aa9aa\" data-element_type=\"widget\" data-e-type=\"widget\" data-widget_type=\"heading.default\">\n\t\t\t\t<div class=\"elementor-widget-container\">\n\t\t\t\t\t<h6 class=\"elementor-heading-title elementor-size-default\">T\u00e9moignage<\/h6>\t\t\t\t<\/div>\n\t\t\t\t<\/div>\n\t\t\t\t<div class=\"elementor-element elementor-element-5a5a626a elementor-widget elementor-widget-heading\" data-id=\"5a5a626a\" data-element_type=\"widget\" data-e-type=\"widget\" data-widget_type=\"heading.default\">\n\t\t\t\t<div class=\"elementor-widget-container\">\n\t\t\t\t\t<h3 class=\"elementor-heading-title elementor-size-default\">Nos patients parlent de nous<\/h3>\t\t\t\t<\/div>\n\t\t\t\t<\/div>\n\t\t\t\t<div class=\"elementor-element elementor-element-0134680 elementor-widget elementor-widget-shortcode\" data-id=\"0134680\" data-element_type=\"widget\" data-e-type=\"widget\" data-widget_type=\"shortcode.default\">\n\t\t\t\t<div class=\"elementor-widget-container\">\n\t\t\t\t\t\t\t<div class=\"elementor-shortcode\"><style>#wprev-slider-1 .wprev_preview_bradius_T1 {border-radius: 0px;}#wprev-slider-1 .wprev_preview_bg1_T1::after{ border-top: 30px solid ; }<\/style><style><\/style><style>@media only screen and (max-width: 600px) {nav.wprs_unslider-nav {display: none;}}<\/style><div class=\"wprev-slider revnotsameheight\" id=\"wprev-slider-1\" data-revsameheight=\"no\" data-onemobil=\"yes\" data-sliderautoplay=\"\"  data-slidespeed=\"1\" data-slideautodelay=\"5\" data-sliderhideprevnext=\"yes\" data-sliderhidedots=\"\" data-sliderfixedheight=\"\"><ul><li>\t\t<div class=\"wprevpro_t1_outer_div w3_wprs-row-padding\">\r\n\t\t\t\t<div class=\"wprevpro_t1_DIV_1 w3_wprs-col l12\">\r\n\t\t\t<div class=\"indrevdiv wprevpro_t1_DIV_2 wprev_preview_bg1_T1 wprev_preview_tcolor1_T1 wprev_preview_bradius_T1\">\r\n\t\t\t\t<p class=\"wprevpro_t1_P_3 wprev_preview_tcolor1_T1\">\r\n\t\t\t\t\t<span class=\"wprevpro_star_imgs_T1\"><span class=\"starloc1 wprevpro_star_imgs wprevpro_star_imgsloc1\"><span class=\"svgicons svg-wprsp-star\"><\/span><span class=\"svgicons svg-wprsp-star\"><\/span><span class=\"svgicons svg-wprsp-star\"><\/span><span class=\"svgicons svg-wprsp-star\"><\/span><span class=\"svgicons svg-wprsp-star\"><\/span><\/span><\/span>Ich war bei Dr. Sch\u00fctz in Behandlung f\u00fcr eine Nagelkeil Exzision mit Matrixver\u00f6dung am Zeh. Ich bin top zufrieden mit seiner Arbeit und der des gesamten Teams. Danke vielmals\t\t\t\t<\/p>\r\n\t\t\t\t\t\t\t\t<a href=\"https:\/\/www.google.com\/maps\/reviews\/data=!4m8!14m7!1m6!2m5!1sCi9DQUlRQUNvZENodHljRjlvT2xKcmRubzNkemxNV1VGS1FYTm9iVUZpVlVsUGFsRRAB!2m1!1s0x0:0xc43882a4e5a78fd9!3m1!1s2@1:CAIQACodChtycF9oOlJrdno3dzlMWUFKQXNobUFiVUlPalE%7C0dU8MZRd_ac%7C?hl=en-US\" target=\"_blank\" rel=\"nofollow noreferrer noopener\" class=\"wprevpro_t1_site_logo_a\"><img decoding=\"async\" src=\"https:\/\/aerztezentrum-lyss.ch\/wp-content\/plugins\/wp-google-places-review-slider\/public\/partials\/imgs\/google_small_icon.png\" alt=\"Google Logo\" class=\"wprevpro_t1_site_logo siteicon sitetype_Google\"><\/a>\t\t\t<\/div><span class=\"wprevpro_t1_A_8\"><img decoding=\"async\" src=\"https:\/\/lh3.googleusercontent.com\/a\/ACg8ocJdzJGZCh3y3CysOQSEtnRNGSJz15Dgx1AkC7ZxmBvLx7ur=s64-c-rp-mo-br100\" alt=\"Bast3k Avatar\" class=\"wprevpro_t1_IMG_4\" loading=\"lazy\" \/><\/span> <span class=\"wprevpro_t1_SPAN_5 wprev_preview_tcolor2_T1\">Bast3k<br\/><span class=\"wprev_showdate_T1\">30 janvier 2026<\/span> <\/span>\r\n\t\t<\/div>\r\n\t\t<\/div>\r\n<\/li><\/ul><\/div>\r\n<\/div>\n\t\t\t\t\t\t<\/div>\n\t\t\t\t<\/div>\n\t\t\t\t<div class=\"elementor-element elementor-element-81a044b elementor-widget elementor-widget-text-editor\" data-id=\"81a044b\" data-element_type=\"widget\" data-e-type=\"widget\" data-widget_type=\"text-editor.default\">\n\t\t\t\t<div class=\"elementor-widget-container\">\n\t\t\t\t\t\t\t\t\t<p>Remarque : les \u00e9valuations sur cette page proviennent directement de notre fiche publique Google. Ils sont automatiquement int\u00e9gr\u00e9s et correspondent aux opinions personnelles de leurs auteurs.<\/p>\t\t\t\t\t\t\t\t<\/div>\n\t\t\t\t<\/div>\n\t\t\t\t\t<\/div>\n\t\t<\/div>\n\t\t\t\t\t<\/div>\n\t\t<\/section>\n\t\t\t\t<\/div>\n\t\t","protected":false},"excerpt":{"rendered":"<p>Nous aidons. Avec plaisir. Les nouveaux patients sont \u00e9galement les bienvenus ! Prendre rendez-vous maintenant Actuel &#8211; Heures de consultation : Lu &#8211; Ve 0800-1200 et 1400-1600&#8211; en cas d&rsquo;urgence, adressez-vous par exemple au centre d&rsquo;urgence de la clinique des Tilleuls \u00e0 Bienne : 032 366 43 00&#8211; les e-mails sont trait\u00e9s dans les 5 [&hellip;]<\/p>\n","protected":false},"author":1,"featured_media":0,"parent":0,"menu_order":1,"comment_status":"closed","ping_status":"closed","template":"","meta":{"footnotes":""},"class_list":["post-276","page","type-page","status-publish","hentry"],"_links":{"self":[{"href":"https:\/\/aerztezentrum-lyss.ch\/fr\/wp-json\/wp\/v2\/pages\/276","targetHints":{"allow":["GET"]}}],"collection":[{"href":"https:\/\/aerztezentrum-lyss.ch\/fr\/wp-json\/wp\/v2\/pages"}],"about":[{"href":"https:\/\/aerztezentrum-lyss.ch\/fr\/wp-json\/wp\/v2\/types\/page"}],"author":[{"embeddable":true,"href":"https:\/\/aerztezentrum-lyss.ch\/fr\/wp-json\/wp\/v2\/users\/1"}],"replies":[{"embeddable":true,"href":"https:\/\/aerztezentrum-lyss.ch\/fr\/wp-json\/wp\/v2\/comments?post=276"}],"version-history":[{"count":23,"href":"https:\/\/aerztezentrum-lyss.ch\/fr\/wp-json\/wp\/v2\/pages\/276\/revisions"}],"predecessor-version":[{"id":869,"href":"https:\/\/aerztezentrum-lyss.ch\/fr\/wp-json\/wp\/v2\/pages\/276\/revisions\/869"}],"wp:attachment":[{"href":"https:\/\/aerztezentrum-lyss.ch\/fr\/wp-json\/wp\/v2\/media?parent=276"}],"curies":[{"name":"wp","href":"https:\/\/api.w.org\/{rel}","templated":true}]}}